{"id":80,"date":"2025-03-08T06:25:46","date_gmt":"2025-03-08T06:25:46","guid":{"rendered":"https:\/\/gesimatic.com\/es\/?page_id=80"},"modified":"2025-03-08T06:25:46","modified_gmt":"2025-03-08T06:25:46","slug":"aviso-legal","status":"publish","type":"page","link":"https:\/\/gesimatic.com\/es\/aviso-legal\/","title":{"rendered":"Aviso legal"},"content":{"rendered":"\n<p><strong>\u00daltima actualizaci\u00f3n lunes 10 de Marzo de 2025<\/strong><\/p>\n\n\n\n<h2 class=\"wp-block-heading\">1 &#8211; Identificaci\u00f3n de responsable<\/h2>\n\n\n\n<p>En cumplimiento con la Ley 34\/2002, de 11 de julio, de Servicios de la Sociedad de la Informaci\u00f3n y Comercio Electr\u00f3nico (LSSI-CE), se informa que el titular del sitio web Gesimatic.com es:<\/p>\n\n\n\n<p>Titular: Carmelo Andr\u00e9s Desco<\/p>\n\n\n\n<p>NIF: 29170264P<\/p>\n\n\n\n<p>Direcci\u00f3n Postal: Apartado de correos 260 &#8211; 46185 &#8211; La Pobla de Vallbona &#8211; ( Valencia ) &#8211; Espa\u00f1a<\/p>\n\n\n\n<p>Correo electr\u00f3nico: info@carmeloandres.com<\/p>\n\n\n\n<p>Nombre comercial: gesimatic<\/p>\n\n\n\n<p>El acceso y uso de Gesimatic.com est\u00e1n sujetos al cumplimiento del presente Aviso Legal.<\/p>\n\n\n\n<h2 class=\"wp-block-heading\">2 &#8211; Condiciones de uso<\/h2>\n\n\n\n<p>El uso de Gesimatic.com otorga la condici\u00f3n de usuario e implica la aceptaci\u00f3n plena y sin reservas de todas las disposiciones contenidas en este Aviso Legal. El usuario se compromete a utilizar el sitio web de forma l\u00edcita y respetando los derechos de terceros.<\/p>\n\n\n\n<p>Normas generales de uso:<\/p>\n\n\n\n<ul class=\"wp-block-list\">\n<li>Est\u00e1 prohibido utilizar el sitio web con fines ilegales o lesivos.<\/li>\n\n\n\n<li>Queda prohibida la transmisi\u00f3n de virus o cualquier otro programa da\u00f1ino.<\/li>\n\n\n\n<li>Se proh\u00edbe la recopilaci\u00f3n de datos personales sin el consentimiento expreso del titular.<\/li>\n\n\n\n<li>Gesimatic se reserva el derecho de modificar las condiciones de acceso y uso sin previo aviso.<\/li>\n<\/ul>\n\n\n\n<h2 class=\"wp-block-heading\">3 &#8211; Propiedad Intelectual e Industrial<\/h2>\n\n\n\n<p>Todos los contenidos de Gesimatic.com, incluidos textos, im\u00e1genes, logotipos, software, plugins, dise\u00f1os y c\u00f3digo fuente, est\u00e1n protegidos por derechos de propiedad intelectual e industrial, cuya titularidad corresponde a Carmelo Andr\u00e9s Desco o a terceros autorizados.<\/p>\n\n\n\n<p>Queda expresamente prohibido:<\/p>\n\n\n\n<ul class=\"wp-block-list\">\n<li>La reproducci\u00f3n, distribuci\u00f3n o modificaci\u00f3n de los contenidos sin autorizaci\u00f3n previa del titular.<\/li>\n\n\n\n<li>El uso de cualquier contenido con fines comerciales sin consentimiento.<\/li>\n\n\n\n<li>La explotaci\u00f3n no autorizada de los plugins o software distribuidos en Gesimatic.<\/li>\n\n\n\n<li>El incumplimiento de estos derechos puede derivar en acciones legales.<\/li>\n<\/ul>\n\n\n\n<h2 class=\"wp-block-heading\">4 &#8211; Exclusi\u00f3n de responsabilidad<\/h2>\n\n\n\n<p>Gesimatic.com no garantiza la disponibilidad continua del sitio web ni la ausencia de errores en los contenidos.<\/p>\n\n\n\n<p>El titular no ser\u00e1 responsable de:<\/p>\n\n\n\n<ul class=\"wp-block-list\">\n<li>Posibles interrupciones del servicio.<\/li>\n\n\n\n<li>Da\u00f1os derivados del uso indebido del sitio web o de los plugins.<\/li>\n\n\n\n<li>Contenidos de terceros enlazados desde el sitio web.<\/li>\n\n\n\n<li>Los usuarios acceden y utilizan este sitio bajo su exclusiva responsabilidad.<\/li>\n<\/ul>\n\n\n\n<h2 class=\"wp-block-heading\">5 &#8211; Protecci\u00f3n de datos personales<\/h2>\n\n\n\n<p>Gesimatic.com respeta la normativa vigente en materia de protecci\u00f3n de datos personales. Para m\u00e1s informaci\u00f3n sobre el tratamiento de los datos personales, consulte nuestra <a href=\"https:\/\/gesimatic.com\/es\/politica-de-privacidad\/\" data-type=\"page\" data-id=\"58\">Pol\u00edtica de Privacidad<\/a>.<\/p>\n\n\n\n<h2 class=\"wp-block-heading\">6 &#8211; Legislaci\u00f3n aplicable y jurisdicci\u00f3n<\/h2>\n\n\n\n<p>El presente Aviso Legal se rige por la legislaci\u00f3n espa\u00f1ola. En caso de controversia o conflicto, las partes se someten expresamente a la jurisdicci\u00f3n de los Tribunales de Valencia, Espa\u00f1a, renunciando a cualquier otro fuero que pudiera corresponderles.<\/p>\n\n\n\n<p>Gesimatic.com se reserva el derecho de modificar el contenido del presente Aviso Legal en cualquier momento para adaptarlo a cambios normativos o mejoras del servicio.<\/p>\n","protected":false},"excerpt":{"rendered":"<p>\u00daltima actualizaci\u00f3n lunes 10 de Marzo de 2025 1 &#8211; Identificaci\u00f3n de responsable En cumplimiento con la Ley 34\/2002, de 11 de julio, de Servicios de la Sociedad de la Informaci\u00f3n y Comercio Electr\u00f3nico (LSSI-CE), se informa que el titular del sitio web Gesimatic.com es: Titular: Carmelo Andr\u00e9s Desco NIF: 29170264P Direcci\u00f3n Postal: Apartado de [&hellip;]<\/p>\n","protected":false},"author":1,"featured_media":0,"parent":0,"menu_order":0,"comment_status":"closed","ping_status":"closed","template":"","meta":{"footnotes":""},"class_list":["post-80","page","type-page","status-publish","hentry"],"_links":{"self":[{"href":"https:\/\/gesimatic.com\/es\/wp-json\/wp\/v2\/pages\/80","targetHints":{"allow":["GET"]}}],"collection":[{"href":"https:\/\/gesimatic.com\/es\/wp-json\/wp\/v2\/pages"}],"about":[{"href":"https:\/\/gesimatic.com\/es\/wp-json\/wp\/v2\/types\/page"}],"author":[{"embeddable":true,"href":"https:\/\/gesimatic.com\/es\/wp-json\/wp\/v2\/users\/1"}],"replies":[{"embeddable":true,"href":"https:\/\/gesimatic.com\/es\/wp-json\/wp\/v2\/comments?post=80"}],"version-history":[{"count":3,"href":"https:\/\/gesimatic.com\/es\/wp-json\/wp\/v2\/pages\/80\/revisions"}],"predecessor-version":[{"id":86,"href":"https:\/\/gesimatic.com\/es\/wp-json\/wp\/v2\/pages\/80\/revisions\/86"}],"wp:attachment":[{"href":"https:\/\/gesimatic.com\/es\/wp-json\/wp\/v2\/media?parent=80"}],"curies":[{"name":"wp","href":"https:\/\/api.w.org\/{rel}","templated":true}]}}