{"id":58,"date":"2025-03-06T14:30:25","date_gmt":"2025-03-06T14:30:25","guid":{"rendered":"https:\/\/gesimatic.com\/es\/?page_id=58"},"modified":"2025-03-08T10:18:24","modified_gmt":"2025-03-08T10:18:24","slug":"politica-de-privacidad","status":"publish","type":"page","link":"https:\/\/gesimatic.com\/es\/politica-de-privacidad\/","title":{"rendered":"Pol\u00edtica de privacidad"},"content":{"rendered":"\n<p><strong>\u00daltima actualizaci\u00f3n Jueves 06 de Marzo de 2025<\/strong><\/p>\n\n\n\n<p>En Gesimatic.com utilizamos herramientas de an\u00e1lisis para mejorar nuestros servicios y optimizar la experiencia del usuario. Actualmente empleamos Matomo Analytics en una instalaci\u00f3n propia, donde los datos son almacenados y gestionados exclusivamente en nuestros servidores sin intervenci\u00f3n de terceros. Adem\u00e1s, en previsi\u00f3n de futuras necesidades, tambi\u00e9n hemos configurado nuestra web para el posible uso de Google Analytics, un servicio de an\u00e1lisis web proporcionado por Google.<\/p>\n\n\n\n<p>Hemos revisado y adaptado nuestra pol\u00edtica de privacidad a los nuevos requisitos y queremos ofrecer mayor informaci\u00f3n y transparencia en relaci\u00f3n con el tratamiento de los datos personales,<br>de esta manera damos integro cumplimiento a la normativa vigente en Materia de Protecci\u00f3n de Datos. <\/p>\n\n\n\n<p>\u00daltima actualizaci\u00f3n: Jueves 06 de Marzo de 2025.<\/p>\n\n\n\n<h2 class=\"wp-block-heading\">1 &#8211; Datos del responsable<\/h2>\n\n\n\n<p style=\"padding-left:var(--wp--preset--spacing--10)\">Denominaci\u00f3n social: Carmelo Andr\u00e9s Desco<br>Nombre web comercial: carmeloandres.com<br>NIF: 29170264P<br>Direcci\u00f3n postal: apartado de correos 260 &#8211; 46185 &#8211; La Pobla de Vallbona (Valencia) Spain<br>e-mail: info@carmeloandres.com<\/p>\n\n\n\n<p style=\"padding-left:var(--wp--preset--spacing--10)\">Es responsable del tratamiento de los datos de car\u00e1cter personal de los usuarios de gesimatic.com, as\u00ed como de los datos que puedan ser recabados a trav\u00e9s del sitio web.<br>Carmelo Andr\u00e9s, como administrador de Gesimatic se compromete a proteger la privacidad de sus usuarios y a garantizar la seguridad de sus datos personales.<br>En esta pol\u00edtica de privacidad se describe c\u00f3mo recopilamos, usamos y protegemos la informaci\u00f3n de los usuarios de nuestros servicios de membres\u00eda y distribuci\u00f3n de plugins para WordPress.<\/p>\n\n\n\n<h2 class=\"wp-block-heading\">2 &#8211; Informaci\u00f3n que recopilamos<\/h2>\n\n\n\n<p style=\"padding-left:var(--wp--preset--spacing--10)\">Los datos de car\u00e1cter personal que nos facilite para poder ser miembro de Gesimatic son los m\u00ednimos exigibles para poder ofrecerle acceso al software y los servicios prestados en Gesimatic y<br>para el cumplimiento de las obligaciones legales.<\/p>\n\n\n\n<h3 class=\"wp-block-heading\" style=\"padding-left:var(--wp--preset--spacing--10)\">2.1 &#8211; Datos recabados<\/h3>\n\n\n\n<p style=\"padding-left:var(--wp--preset--spacing--20)\">Al registrarse en Gesimatic y utilizar nuestro software y servicios, recopilamos los siguientes datos personales:<\/p>\n\n\n\n<p style=\"padding-left:var(--wp--preset--spacing--20)\">Nombre (personal o de empresa)<br>Correo electr\u00f3nico<br>Datos de pago (gestionados a trav\u00e9s de Stripe)<br>Dominio de las webs en las que se instalan los plugins<br>Listado de plugins registrados en cada dominio<\/p>\n\n\n\n<p style=\"padding-left:var(--wp--preset--spacing--20)\">Estos datos son esenciales para la administraci\u00f3n del servicio de membres\u00eda y el soporte t\u00e9cnico.<\/p>\n\n\n\n<h3 class=\"wp-block-heading\" style=\"padding-left:var(--wp--preset--spacing--10)\">2.2 &#8211; Datos de navegaci\u00f3n<\/h3>\n\n\n\n<p style=\"padding-left:var(--wp--preset--spacing--20)\">El Usuario acepta expresamente, por la utilizaci\u00f3n de esta web, el tratamiento de la informaci\u00f3n recabada mediante cookies.<br>Recopilamos informaci\u00f3n sobre la navegaci\u00f3n del usuario en nuestro sitio web y su interacci\u00f3n con \u00e9l, incluyendo datos a trav\u00e9s de cookies, siempre con su consentimiento.<\/p>\n\n\n\n<h2 class=\"wp-block-heading\">3 &#8211; Finalidad de la recopilaci\u00f3n de datos<\/h2>\n\n\n\n<p style=\"padding-left:var(--wp--preset--spacing--10)\">Los datos que recopilamos ser\u00e1n incorporados a un fichero titularidad de Carmelo Andr\u00e9s, que trataremos con las siguientes finalidades:<\/p>\n\n\n\n<ul style=\"padding-left:var(--wp--preset--spacing--20)\" class=\"wp-block-list\">\n<li>Gesti\u00f3n y administraci\u00f3n de la membres\u00eda.<\/li>\n\n\n\n<li>Soporte t\u00e9cnico y asistencia al usuario.<\/li>\n\n\n\n<li>An\u00e1lisis de uso de los plugins para mejorar el servicio mediante Matomo Analytics (alojado en nuestros servidores privados) y en un futuro, Google Analitycs.<\/li>\n\n\n\n<li>Env\u00edo de correos electr\u00f3nicos con novedades, actualizaciones y comunicaciones relevantes (email marketing). Los usuarios pueden gestionar sus preferencias en su perfil.<\/li>\n<\/ul>\n\n\n\n<h2 class=\"wp-block-heading\">4 &#8211; Base legal para el tratamiento de datos<\/h2>\n\n\n\n<p style=\"padding-right:0;padding-left:var(--wp--preset--spacing--10)\">De acuerdo con el Reglamento General de Protecci\u00f3n de Datos (RGPD), la base legal para el tratamiento de los datos personales es el consentimiento expl\u00edcito del usuario.<\/p>\n\n\n\n<p style=\"padding-left:var(--wp--preset--spacing--10)\">El registro y uso de los servicios en Gesimatic requiere que el usuario acepte esta Pol\u00edtica de Privacidad y los T\u00e9rminos y Condiciones de Uso.<\/p>\n\n\n\n<h2 class=\"wp-block-heading\">5 &#8211; Tiempo durante el cual conservamos sus datos<\/h2>\n\n\n\n<p style=\"margin-left:0;padding-left:var(--wp--preset--spacing--10)\">Trataremos sus datos personales mientras sean necesarios para la finalidad para la cual fueron recabados.<br>Los datos personales se conservar\u00e1n mientras sean necesarios para la prestaci\u00f3n del servicio. Posteriormente,<br>se mantendr\u00e1n bloqueados durante los plazos exigidos por la legislaci\u00f3n fiscal, mercantil y de protecci\u00f3n de datos (hasta un m\u00e1ximo de 5 a\u00f1os desde la \u00faltima interacci\u00f3n del usuario con la plataforma),<br>tras lo cual ser\u00e1n eliminados.<\/p>\n\n\n\n<p style=\"padding-right:0;padding-left:var(--wp--preset--spacing--10)\">Si cancela todas sus membres\u00edas, usted podr\u00e1:<\/p>\n\n\n\n<h3 class=\"wp-block-heading\" style=\"padding-left:var(--wp--preset--spacing--10)\">5.1 &#8211; Mantener el consentimiento para desarrollar acciones comerciales<\/h3>\n\n\n\n<p style=\"padding-left:var(--wp--preset--spacing--20)\">Trataremos sus datos para las acciones comerciales que haya consentido. Consideraremos que ha elegido esta opci\u00f3n si no revoca el consentimiento expresamente.<\/p>\n\n\n\n<h3 class=\"wp-block-heading\" style=\"padding-left:var(--wp--preset--spacing--10)\">5.2 &#8211; Revocar el consentimiento para desarrollar acciones comerciales<\/h3>\n\n\n\n<p style=\"padding-left:var(--wp--preset--spacing--20)\">En caso de que el usuario solicite la eliminaci\u00f3n de sus datos, estos ser\u00e1n bloqueados y se mantendr\u00e1n \u00fanicamente para el cumplimiento de obligaciones legales y la defensa ante posibles reclamaciones.<\/p>\n\n\n\n<p style=\"padding-left:var(--wp--preset--spacing--20)\">Una vez bloqueados, los datos solo estar\u00e1n disponibles para cumplir con obligaciones legales o para responder a requerimientos de Administraciones P\u00fablicas,<br>Tribunales o la Agencia Espa\u00f1ola de Protecci\u00f3n de Datos en caso de reclamaciones.<\/p>\n\n\n\n<p style=\"padding-left:var(--wp--preset--spacing--20)\">Conservaremos sus datos bloqueados durante los plazos previstos en las disposiciones aplicables o, en su caso, en las relaciones contractuales mantenidas con Carmelo Andr\u00e9s,<br>procediendo a la supresi\u00f3n f\u00edsica de sus datos una vez transcurridos dichos plazos.<\/p>\n\n\n\n<h2 class=\"wp-block-heading\">6 &#8211; Compartici\u00f3n de datos con terceros<\/h2>\n\n\n\n<p style=\"padding-left:var(--wp--preset--spacing--10)\">Gesimatic garantiza que cualquier proveedor externo con acceso a datos personales cuenta con las medidas adecuadas de protecci\u00f3n de datos y, en su caso,<br>se suscriben acuerdos de procesamiento de datos conforme a la normativa vigente.<\/p>\n\n\n\n<p style=\"padding-left:var(--wp--preset--spacing--10)\">En concreto:<\/p>\n\n\n\n<ul class=\"wp-block-list\">\n<li>Pasarela de pago, se comparten datos con Stripe para procesar pagos de membres\u00edas.<\/li>\n\n\n\n<li style=\"padding-left:var(--wp--preset--spacing--20)\">Analisis de tr\u00e1fico, Utilizamos Matomo Analytics para analizar la actividad de los usuarios sin compartir datos con terceros. Adem\u00e1s, en un futuro podr\u00edamos emplear Google Analytics que podr\u00eda transferir datos fuera de la UE. Para cumplir con el RGPD, en caso de utilizar Google Analitycs se anonimizar\u00e1n las direcciones IP de los usuarios para reducir la identificaci\u00f3n de estos. Estos servicios cuentan con sus propias pol\u00edticas de privacidad, que recomendamos revisar. <\/li>\n<\/ul>\n\n\n\n<p style=\"padding-left:var(--wp--preset--spacing--10)\">No se ceder\u00e1n m\u00e1s datos de car\u00e1cter personal a terceros, salvo disposici\u00f3n legal o cuando la prestaci\u00f3n de un servicio implique la necesidad de una relaci\u00f3n contractual con un encargado de tratamiento.<br>En este \u00faltimo caso, los destinatarios de sus datos pueden ser empresas del grupo as\u00ed como determinados encargados del tratamiento necesarios para la correcta prestaci\u00f3n de los servicios.<\/p>\n\n\n\n<p style=\"padding-left:var(--wp--preset--spacing--10)\">Carmelo Andr\u00e9s mantiene unos criterios estrictos de selecci\u00f3n de encargados de tratamiento y se compromete contractualmente con cada uno a cumplir y hacer cumplir las obligaciones establecidas en materia de protecci\u00f3n de datos.<\/p>\n\n\n\n<p style=\"padding-left:var(--wp--preset--spacing--10)\">Los usuarios pueden gestionar sus preferencias sobre el uso de cookies y an\u00e1lisis en el banner de configuraci\u00f3n de privacidad disponible en el sitio web.<\/p>\n\n\n\n<h2 class=\"wp-block-heading\">7 &#8211; Almacenamiento y seguridad de los datos<\/h2>\n\n\n\n<p style=\"padding-left:var(--wp--preset--spacing--10)\">Para utilizar la membresia, el usuario debe proporcionar previamente ciertos datos de car\u00e1cter personal. Carmelo Andr\u00e9s tratar\u00e1 automatizadamente estos datos y aplicar\u00e1 las correspondientes medidas de seguridad,<br>todo ello en cumplimiento del RGPD.<\/p>\n\n\n\n<p style=\"padding-left:var(--wp--preset--spacing--10)\">Los datos de los usuarios se almacenan en un servidor privado (VPS) gestionado por Carmelo Andr\u00e9s y alojado en OVH o AWS. Implementamos medidas de seguridad para proteger la informaci\u00f3n, incluyendo:<\/p>\n\n\n\n<p style=\"padding-left:var(--wp--preset--spacing--20)\">Acceso restringido a la base de datos.<br>Mecanismos de cifrado y autenticaci\u00f3n.<br>Protocolos de seguridad para evitar accesos no autorizados.<\/p>\n\n\n\n<h2 class=\"wp-block-heading\">8 &#8211; Derechos de usuario<\/h2>\n\n\n\n<p style=\"padding-left:var(--wp--preset--spacing--10)\">Los usuarios tienen derecho a:<\/p>\n\n\n\n<h3 class=\"wp-block-heading\" style=\"padding-left:var(--wp--preset--spacing--10)\">8.1 &#8211; Portabilidad de datos<\/h3>\n\n\n\n<p style=\"padding-left:var(--wp--preset--spacing--20)\">Los usuarios tienen derecho a recibir sus datos personales en un formato estructurado, de uso com\u00fan y lectura mec\u00e1nica,<br>as\u00ed como a solicitar su transmisi\u00f3n a otro proveedor de servicios, cuando sea t\u00e9cnicamente posible y siempre que el tratamiento se base en el consentimiento o en la ejecuci\u00f3n de un contrato.<\/p>\n\n\n\n<h3 class=\"wp-block-heading\" style=\"padding-left:var(--wp--preset--spacing--10)\">8.2 &#8211; Rectificaci\u00f3n y supresi\u00f3n<\/h3>\n\n\n\n<p style=\"padding-left:var(--wp--preset--spacing--20)\">Las personas interesadas tienen derecho a obtener confirmaci\u00f3n sobre si Carmelo Andr\u00e9s esta tratando datos personales que le conciernen, o no.<br>Las personas interesadas tienen derecho a acceder a sus datos personales, as\u00ed como a solicitar la rectificaci\u00f3n de los datos inexactos o, en su caso,<br>solicitar su supresi\u00f3n cuando, entre otros motivos, los datos ya no sean necesarios para los fines que fueron recogidos.<\/p>\n\n\n\n<h3 class=\"wp-block-heading\" style=\"padding-left:var(--wp--preset--spacing--10)\">8.3 &#8211; Limitaci\u00f3n y oposici\u00f3n<\/h3>\n\n\n\n<p style=\"padding-left:var(--wp--preset--spacing--20)\">En determinadas circunstancias, los interesados podr\u00e1n solicitar la limitaci\u00f3n del tratamiento de sus datos, en cuyo caso \u00fanicamente los conservaremos para el ejercicio o la defensa de reclamaciones.<br>En determinadas circunstancias y por motivos relacionados con su situaci\u00f3n particular, los interesados podr\u00e1n oponerse al tratamiento de sus datos.<br>Carmelo Andr\u00e9s dejar\u00e1 de tratar los datos, salvo por motivos leg\u00edtimos imperiosos, o el ejercicio o la defensa de posibles reclamaciones.<br>Dichos derechos podr\u00e1n ser ejercitados a trav\u00e9s de cualquier medio de comunicaci\u00f3n frente a Carmelo Andr\u00e9s en la direcci\u00f3n postal: apartado de correos 260 \u2013 46185 \u2013 La pobla de vallbona (Valencia),<br>adjuntando fotocopia de DNI del titular de los datos o en el email: info@carmeloandres.com<\/p>\n\n\n\n<p style=\"padding-left:var(--wp--preset--spacing--20)\">Estos cambios pueden realizarse desde el perfil de usuario en Gesimatic.com adem\u00e1s de solicit\u00e1ndose directamente al responsable del tratamiento de datos.<\/p>\n\n\n\n<p style=\"padding-left:var(--wp--preset--spacing--20)\">Adem\u00e1s, los usuarios pueden gestionar sus preferencias de suscripci\u00f3n a emails en su cuenta.<\/p>\n\n\n\n<h2 class=\"wp-block-heading\">9 &#8211; Uso de cookies<\/h2>\n\n\n\n<p style=\"padding-left:var(--wp--preset--spacing--10)\">Gesimatic.com utiliza cookies para mejorar la experiencia del usuario y analizar el tr\u00e1fico del sitio. Se utilizan los siguientes tipos de cookies:<\/p>\n\n\n\n<ul style=\"padding-left:var(--wp--preset--spacing--10)\" class=\"wp-block-list\">\n<li>Cookies t\u00e9cnicas, necesarias para el funcionamiento del sitio.<\/li>\n\n\n\n<li>Cookies anal\u00edticas y publicitarias, utilizadas para an\u00e1lisis y marketing, previo aviso y consentimiento del usuario.<\/li>\n<\/ul>\n\n\n\n<p style=\"padding-left:var(--wp--preset--spacing--10)\">El usuario puede gestionar el uso de cookies a trav\u00e9s de la configuraci\u00f3n de su navegador o mediante las opciones proporcionadas en nuestro banner de cookies.<\/p>\n\n\n\n<p style=\"padding-left:var(--wp--preset--spacing--10)\">Para m\u00e1s informaci\u00f3n sobre el uso de cookies, consulte nuestra <a href=\"https:\/\/gesimatic.com\/es\/politica-de-cookies\/\" data-type=\"page\" data-id=\"68\">Pol\u00edtica de Cookies<\/a>.<\/p>\n\n\n\n<h2 class=\"wp-block-heading\">10 &#8211; Modificaciones en la pol\u00edica de privacidad<\/h2>\n\n\n\n<p style=\"padding-left:var(--wp--preset--spacing--10)\">Carmelo Andr\u00e9s se reserva el derecho de modificar esta pol\u00edtica de privacidad para adaptarla a cambios normativos o mejoras en nuestros servicios.<\/p>\n\n\n\n<p style=\"padding-left:var(--wp--preset--spacing--10)\"><br>Se notificar\u00e1 a los usuarios sobre cualquier actualizaci\u00f3n relevante.<\/p>\n\n\n\n<p style=\"padding-left:var(--wp--preset--spacing--10)\"><\/p>\n\n\n\n<p><\/p>\n","protected":false},"excerpt":{"rendered":"<p>\u00daltima actualizaci\u00f3n Jueves 06 de Marzo de 2025 En Gesimatic.com utilizamos herramientas de an\u00e1lisis para mejorar nuestros servicios y optimizar la experiencia del usuario. Actualmente empleamos Matomo Analytics en una instalaci\u00f3n propia, donde los datos son almacenados y gestionados exclusivamente en nuestros servidores sin intervenci\u00f3n de terceros. Adem\u00e1s, en previsi\u00f3n de futuras necesidades, tambi\u00e9n hemos [&hellip;]<\/p>\n","protected":false},"author":3,"featured_media":0,"parent":0,"menu_order":0,"comment_status":"closed","ping_status":"closed","template":"","meta":{"footnotes":""},"class_list":["post-58","page","type-page","status-publish","hentry"],"_links":{"self":[{"href":"https:\/\/gesimatic.com\/es\/wp-json\/wp\/v2\/pages\/58","targetHints":{"allow":["GET"]}}],"collection":[{"href":"https:\/\/gesimatic.com\/es\/wp-json\/wp\/v2\/pages"}],"about":[{"href":"https:\/\/gesimatic.com\/es\/wp-json\/wp\/v2\/types\/page"}],"author":[{"embeddable":true,"href":"https:\/\/gesimatic.com\/es\/wp-json\/wp\/v2\/users\/3"}],"replies":[{"embeddable":true,"href":"https:\/\/gesimatic.com\/es\/wp-json\/wp\/v2\/comments?post=58"}],"version-history":[{"count":1,"href":"https:\/\/gesimatic.com\/es\/wp-json\/wp\/v2\/pages\/58\/revisions"}],"predecessor-version":[{"id":96,"href":"https:\/\/gesimatic.com\/es\/wp-json\/wp\/v2\/pages\/58\/revisions\/96"}],"wp:attachment":[{"href":"https:\/\/gesimatic.com\/es\/wp-json\/wp\/v2\/media?parent=58"}],"curies":[{"name":"wp","href":"https:\/\/api.w.org\/{rel}","templated":true}]}}